{"id":1579,"date":"2016-07-15T21:53:05","date_gmt":"2016-07-15T19:53:05","guid":{"rendered":"http:\/\/www.keramiart.com\/hu\/?page_id=1579"},"modified":"2021-01-06T22:26:11","modified_gmt":"2021-01-06T21:26:11","slug":"egyedi-ceges-ajandekok-eskuvoi-koszonetajandekok-keramiabol","status":"publish","type":"page","link":"https:\/\/www.keramiart.com\/hu\/egyedi-ceges-ajandekok-eskuvoi-koszonetajandekok-keramiabol\/","title":{"rendered":"Egyedi c\u00e9ges aj\u00e1nd\u00e9kok, esk\u00fcv\u0151i k\u00f6sz\u00f6netaj\u00e1nd\u00e9kok ker\u00e1mi\u00e1b\u00f3l"},"content":{"rendered":"<div class=\"row\">\n<div class=\"col-md-8\">\n<h2 class=\"am-subheader\" >C\u00e9ges aj\u00e1nd\u00e9kok<\/h2>\n<p>Nemcsak log\u00f3val ell\u00e1tott m\u0171anyag toll, baseball sapka, eserny\u0151 vagy p\u00f3l\u00f3, hanem <em>k\u00e9zm\u0171ves, ker\u00e1mia p\u00e1link\u00e1s kupica,<\/em> ak\u00e1r monogrammal ell\u00e1tva \u00e9s kis <em>c\u00e9ges log\u00f3val<\/em> az oldal\u00e1n, \u00edgy is lehet: <em>hazai, k\u00e9zm\u0171ves rekl\u00e1maj\u00e1nd\u00e9k c\u00e9geknek<\/em> is, sz\u00edvvel-l\u00e9lekkel.<\/p>\n<h2 class=\"am-subheader\" >Esk\u00fcv\u0151i k\u00f6sz\u00f6netaj\u00e1nd\u00e9k<\/h2>\n<p><em>Esk\u00fcv\u0151i k\u00f6sz\u00f6n\u0151aj\u00e1nd\u00e9k vagy k\u00f6sz\u00f6netaj\u00e1nd\u00e9k,<\/em> kedves, \u00faj szok\u00e1s. L\u00e9teznek k\u00f6lts\u00e9gk\u00edm\u00e9l\u0151 \u00e9s dr\u00e1ga k\u00f6sz\u00f6n\u0151aj\u00e1nd\u00e9kok a gagyit\u00f3l a giccsesen \u00e1t az \u00edzl\u00e9sesig. Ahogy vannak kis \u00e9s nagy lakodalmak, giccsesek \u00e9s visszafogottak is. A <em>ker\u00e1mi\u00e1b\u00f3l k\u00e9sz\u00fclt esk\u00fcv\u0151i k\u00f6sz\u00f6netaj\u00e1nd\u00e9k<\/em> \u00edzl\u00e9ses \u00e9s garant\u00e1ltan egyedi. P\u00e9ld\u00e1ul lehet kupica, j\u00f3 p\u00e1link\u00e1ra \u00e9s a koccint\u00e1sra v\u00e1rva.<\/p>\n<h2 class=\"am-subheader\" >Eml\u00e9kt\u00e1rgyak<\/h2>\n<p>Sz\u00e9p szok\u00e1s, hogy <em>oszt\u00e1lytal\u00e1lkoz\u00f3kon, szakesteken<\/em> az alkalmat meg\u00f6r\u00f6k\u00edt\u0151 <em>aj\u00e1nd\u00e9kot, eml\u00e9kt\u00e1rgyat<\/em> kapnak a megjelentek. Mi\u00e9rt is ne lehetne ez a t\u00e1rgy <em>b\u00f6gre, szilke vagy te\u00e1scs\u00e9sze,<\/em> \u00e9s mi\u00e9rt ne k\u00e9sz\u00fclhetne <em>ker\u00e1mi\u00e1b\u00f3l?<\/em> Ahogy ak\u00e1r egy verseny <em>kup\u00e1it, d\u00edjait<\/em> is ki lehet alak\u00edtani korongoz\u00e1sos technik\u00e1val.<\/p>\n<a class=\"btn btn-xs btn-primary\" href=\"\/hu\/kapcsolat\/\" title=\"Megrendel\u00e9s\" target=\"_blank\">Kapcsolat, aj\u00e1nlatk\u00e9r\u00e9s<\/a>\n<\/div><div class=\"col-md-4\">\n<div class=\"ef-title-wrapper\"><h4 class=\"ef-style-title\"><span>&bdquo;Kedves Ildik\u00f3!&rdquo;<\/span><\/h4><div class=\"carousel-pagintation-1 ef-carousel-pag text-right\"><\/div><\/div><div class=\"ef-slider-carousel\"><div class=\"ef-simple-carousel-1\">\n<div class=\"ef-slide\">\n<div class=\"ef-proj-img ef-quote\">\n<blockquote class=\"icn-quote-left\">\n<p>Nagyon tetszett nekem is \u00e9s az Exxon-csoportnak is a kis kupica!<\/p>\n<p>Ahol csak lehet\u0151s\u00e9g lesz r\u00e1 ez\u00e9rt, \u00e9n biztos, hogy aj\u00e1nlani fogom az \u00d6n munk\u00e1it!\n<\/p>\n<div><small>M\u00f3rocz Melinda<br \/>\nConfhotel Event<br \/>\nkreat\u00edv \u00e9s marketing igazgat\u00f3<br \/>\n<\/small><\/div>\n<\/blockquote>\n<\/div>\n<\/div><div class=\"ef-slide\">\n<div class=\"ef-proj-img ef-quote\">\n<blockquote class=\"icn-quote-left\">\n<p>Megkaptuk a csomagot, \u00e9s nagyon tetszenek a kupic\u00e1k! Mindenki el\u00e9gedett, \u00e9s biztosak vagyunk benne, hogy a vend\u00e9geknek is tetszeni fog az aj\u00e1nd\u00e9k!<\/p>\n<p>K\u00f6sz\u00f6nj\u00fck a pontos, gyors \u00e9s megb\u00edzhat\u00f3 munk\u00e1t!\n<\/p>\n<div><small>Hancz Lilla<br \/>\nH\u00f6dlmayr Hung\u00e1ria Logistics Kft.<br \/>\n<\/small><\/div>\n<\/blockquote>\n<\/div>\n<\/div><\/div><\/div>\n<\/div>\n<\/div>\n<!-- Final Tiles Grid Gallery for WordPress v2.0.13 --><div class='final-tiles-gallery captions-hidden hover-fade caption-auto-height' id='ftg-8700' style='width:100%'><div class='ftg-items'><div  class='tile ef-proj-img'><a title=\"Kupic\u00e1k log\u00f3val, monogrammal\"   class='tile-inner  ef-lightbox' href='https:\/\/www.keramiart.com\/wp-content\/uploads\/2016\/07\/masterprint-kupicak-scaled.jpg' data-big='https:\/\/www.keramiart.com\/wp-content\/uploads\/2016\/07\/masterprint-kupicak-scaled.jpg'><img class='item'  data-ftg-src='https:\/\/www.keramiart.com\/wp-content\/uploads\/2016\/07\/masterprint-kupicak-480x360.jpg'  src='https:\/\/www.keramiart.com\/wp-content\/uploads\/2016\/07\/masterprint-kupicak-480x360.jpg'  alt='Kupic\u00e1k log\u00f3val, monogrammal - Masterprint - K\u00e1rolyi Ildik\u00f3' \/><\/a><div class='ef-proj-desc '><h2 class='ef-custom-header entry-title'><span>Kupic\u00e1k log\u00f3val, monogrammal<\/span><\/h2><\/div><div class='ftg-social'><\/div><\/div><div  class='tile ef-proj-img'><a title=\"M\u00e9csestart\u00f3k \u00e9vfordul\u00f3ra\"   class='tile-inner  ef-lightbox' href='https:\/\/www.keramiart.com\/wp-content\/uploads\/2016\/07\/cseke-mecsestartok2-scaled.jpg' data-big='https:\/\/www.keramiart.com\/wp-content\/uploads\/2016\/07\/cseke-mecsestartok2-scaled.jpg'><img class='item'  data-ftg-src='https:\/\/www.keramiart.com\/wp-content\/uploads\/2016\/07\/cseke-mecsestartok2-480x360.jpg'  src='https:\/\/www.keramiart.com\/wp-content\/uploads\/2016\/07\/cseke-mecsestartok2-480x360.jpg'  alt='M\u00e9csestart\u00f3k \u00e9vfordul\u00f3ra - Csob\u00e1nkai \u00c9rt\u00e9k\u0151rz\u0151 \u00e9s K\u00f6zs\u00e9gsz\u00e9p\u00edt\u0151 Egyes\u00fclet - K\u00e1rolyi Ildik\u00f3' \/><\/a><div class='ef-proj-desc '><h2 class='ef-custom-header entry-title'><span>M\u00e9csestart\u00f3k \u00e9vfordul\u00f3ra<\/span><\/h2><\/div><div class='ftg-social'><\/div><\/div><div  class='tile ef-proj-img'><a title=\"M\u00e9csestart\u00f3k \u00e9vfordul\u00f3ra - Csob\u00e1nkai \u00c9rt\u00e9k\u0151rz\u0151 \u00e9s K\u00f6zs\u00e9gsz\u00e9p\u00edt\u0151 Egyes\u00fclet\"   class='tile-inner  ef-lightbox' href='https:\/\/www.keramiart.com\/wp-content\/uploads\/2016\/07\/cseke-mecsestartok-scaled.jpg' data-big='https:\/\/www.keramiart.com\/wp-content\/uploads\/2016\/07\/cseke-mecsestartok-scaled.jpg'><img class='item'  data-ftg-src='https:\/\/www.keramiart.com\/wp-content\/uploads\/2016\/07\/cseke-mecsestartok-667x500.jpg'  src='https:\/\/www.keramiart.com\/wp-content\/uploads\/2016\/07\/cseke-mecsestartok-667x500.jpg'  alt='M\u00e9csestart\u00f3k \u00e9vfordul\u00f3ra - Csob\u00e1nkai \u00c9rt\u00e9k\u0151rz\u0151 \u00e9s K\u00f6zs\u00e9gsz\u00e9p\u00edt\u0151 Egyes\u00fclet - K\u00e1rolyi Ildik\u00f3' \/><\/a><div class='ef-proj-desc '><h2 class='ef-custom-header entry-title'><span>M\u00e9csestart\u00f3k \u00e9vfordul\u00f3ra - Csob\u00e1nkai \u00c9rt\u00e9k\u0151rz\u0151 \u00e9s K\u00f6zs\u00e9gsz\u00e9p\u00edt\u0151 Egyes\u00fclet<\/span><\/h2><\/div><div class='ftg-social'><\/div><\/div><div  class='tile ef-proj-img'><a title=\"M\u00e9csestart\u00f3k \u00e9s kupic\u00e1k\"   class='tile-inner  ef-lightbox' href='https:\/\/www.keramiart.com\/wp-content\/uploads\/2016\/07\/cseke-mecsestartok0-scaled.jpg' data-big='https:\/\/www.keramiart.com\/wp-content\/uploads\/2016\/07\/cseke-mecsestartok0-scaled.jpg'><img class='item'  data-ftg-src='https:\/\/www.keramiart.com\/wp-content\/uploads\/2016\/07\/cseke-mecsestartok0-300x225.jpg'  src='https:\/\/www.keramiart.com\/wp-content\/uploads\/2016\/07\/cseke-mecsestartok0-300x225.jpg'  alt='M\u00e9csestart\u00f3k \u00e9s kupic\u00e1k - K\u00e1rolyi Ildik\u00f3' \/><\/a><div class='ef-proj-desc '><h2 class='ef-custom-header entry-title'><span>M\u00e9csestart\u00f3k \u00e9s kupic\u00e1k<\/span><\/h2><\/div><div class='ftg-social'><\/div><\/div><div  class='tile ef-proj-img'><a title=\"Zseng\u00e9l\u00e9s\"   class='tile-inner  ef-lightbox' href='https:\/\/www.keramiart.com\/wp-content\/uploads\/2016\/07\/cseke-mecsestartok1-scaled.jpg' data-big='https:\/\/www.keramiart.com\/wp-content\/uploads\/2016\/07\/cseke-mecsestartok1-scaled.jpg'><img class='item'  data-ftg-src='https:\/\/www.keramiart.com\/wp-content\/uploads\/2016\/07\/cseke-mecsestartok1-375x500.jpg'  src='https:\/\/www.keramiart.com\/wp-content\/uploads\/2016\/07\/cseke-mecsestartok1-375x500.jpg'  alt='Zseng\u00e9l\u00e9s - K\u00e1rolyi Ildik\u00f3' \/><\/a><div class='ef-proj-desc '><h2 class='ef-custom-header entry-title'><span>Zseng\u00e9l\u00e9s<\/span><\/h2><\/div><div class='ftg-social'><\/div><\/div><div  class='tile ef-proj-img'><a title=\"Minden k\u00e9zzel k\u00e9sz\u00fcl\"   class='tile-inner  ef-lightbox' href='https:\/\/www.keramiart.com\/wp-content\/uploads\/2016\/07\/korong-keramiart.jpg' data-big='https:\/\/www.keramiart.com\/wp-content\/uploads\/2016\/07\/korong-keramiart.jpg'><img class='item'  data-ftg-src='https:\/\/www.keramiart.com\/wp-content\/uploads\/2016\/07\/korong-keramiart.jpg'  src='https:\/\/www.keramiart.com\/wp-content\/uploads\/2016\/07\/korong-keramiart.jpg'  alt='Minden kupica k\u00e9zzel k\u00e9sz\u00fcl - K\u00e1rolyi Ildik\u00f3' \/><\/a><div class='ef-proj-desc '><h2 class='ef-custom-header entry-title'><span>Minden k\u00e9zzel k\u00e9sz\u00fcl<\/span><\/h2><\/div><div class='ftg-social'><\/div><\/div><div  class='tile ef-proj-img'><a title=\"K\u00e9zm\u0171ves darabok\"   class='tile-inner  ef-lightbox' href='https:\/\/www.keramiart.com\/wp-content\/uploads\/2016\/07\/hodlmayr-kupicak2c-keramiart-scaled.jpg' data-big='https:\/\/www.keramiart.com\/wp-content\/uploads\/2016\/07\/hodlmayr-kupicak2c-keramiart-scaled.jpg'><img class='item'  data-ftg-src='https:\/\/www.keramiart.com\/wp-content\/uploads\/2016\/07\/hodlmayr-kupicak2c-keramiart-480x640.jpg'  src='https:\/\/www.keramiart.com\/wp-content\/uploads\/2016\/07\/hodlmayr-kupicak2c-keramiart-480x640.jpg'  alt='K\u00e9zm\u0171ves darabok - H\u00f6dlmayr kupic\u00e1k - K\u00e1rolyi Ildik\u00f3' \/><\/a><div class='ef-proj-desc '><h2 class='ef-custom-header entry-title'><span>K\u00e9zm\u0171ves darabok<\/span><\/h2><\/div><div class='ftg-social'><\/div><\/div><div  class='tile ef-proj-img'><a title=\"Embl\u00e9ma\"   class='tile-inner  ef-lightbox' href='https:\/\/www.keramiart.com\/wp-content\/uploads\/2016\/07\/hodlmayr-kupicak2b-keramiart-scaled.jpg' data-big='https:\/\/www.keramiart.com\/wp-content\/uploads\/2016\/07\/hodlmayr-kupicak2b-keramiart-scaled.jpg'><img class='item'  data-ftg-src='https:\/\/www.keramiart.com\/wp-content\/uploads\/2016\/07\/hodlmayr-kupicak2b-keramiart-480x640.jpg'  src='https:\/\/www.keramiart.com\/wp-content\/uploads\/2016\/07\/hodlmayr-kupicak2b-keramiart-480x640.jpg'  alt='Embl\u00e9ma - H\u00f6dlmayr - K\u00e1rolyi Ildik\u00f3' \/><\/a><div class='ef-proj-desc '><h2 class='ef-custom-header entry-title'><span>Embl\u00e9ma<\/span><\/h2><\/div><div class='ftg-social'><\/div><\/div><div  class='tile ef-proj-img'><a title=\"Egy sima, egy ford\u00edtott\"   class='tile-inner  ef-lightbox' href='https:\/\/www.keramiart.com\/wp-content\/uploads\/2016\/07\/hodlmayr-kupicak3b-keramiart-scaled.jpg' data-big='https:\/\/www.keramiart.com\/wp-content\/uploads\/2016\/07\/hodlmayr-kupicak3b-keramiart-scaled.jpg'><img class='item'  data-ftg-src='https:\/\/www.keramiart.com\/wp-content\/uploads\/2016\/07\/hodlmayr-kupicak3b-keramiart-667x500.jpg'  src='https:\/\/www.keramiart.com\/wp-content\/uploads\/2016\/07\/hodlmayr-kupicak3b-keramiart-667x500.jpg'  alt='Egy sima, egy ford\u00edtott - H\u00f6dlmayr - K\u00e1rolyi Ildik\u00f3' \/><\/a><div class='ef-proj-desc '><h2 class='ef-custom-header entry-title'><span>Egy sima, egy ford\u00edtott<\/span><\/h2><\/div><div class='ftg-social'><\/div><\/div><div  class='tile ef-proj-img'><a title=\"Sz\u00e1rad\u00f3 kupic\u00e1k\"   class='tile-inner  ef-lightbox' href='https:\/\/www.keramiart.com\/wp-content\/uploads\/2016\/07\/hodlmayr-kupicak3-keramiart-scaled.jpg' data-big='https:\/\/www.keramiart.com\/wp-content\/uploads\/2016\/07\/hodlmayr-kupicak3-keramiart-scaled.jpg'><img class='item'  data-ftg-src='https:\/\/www.keramiart.com\/wp-content\/uploads\/2016\/07\/hodlmayr-kupicak3-keramiart-480x270.jpg'  src='https:\/\/www.keramiart.com\/wp-content\/uploads\/2016\/07\/hodlmayr-kupicak3-keramiart-480x270.jpg'  alt='Sz\u00e1rad\u00f3 kupic\u00e1k - H\u00f6dlmayr - K\u00e1rolyi Ildik\u00f3' \/><\/a><div class='ef-proj-desc '><h2 class='ef-custom-header entry-title'><span>Sz\u00e1rad\u00f3 kupic\u00e1k<\/span><\/h2><\/div><div class='ftg-social'><\/div><\/div><div  class='tile ef-proj-img'><a title=\"Telth\u00e1z\"   class='tile-inner  ef-lightbox' href='https:\/\/www.keramiart.com\/wp-content\/uploads\/2016\/07\/hodlmayr-kupicak3a-keramiart-scaled.jpg' data-big='https:\/\/www.keramiart.com\/wp-content\/uploads\/2016\/07\/hodlmayr-kupicak3a-keramiart-scaled.jpg'><img class='item'  data-ftg-src='https:\/\/www.keramiart.com\/wp-content\/uploads\/2016\/07\/hodlmayr-kupicak3a-keramiart-225x300.jpg'  src='https:\/\/www.keramiart.com\/wp-content\/uploads\/2016\/07\/hodlmayr-kupicak3a-keramiart-225x300.jpg'  alt='Telth\u00e1z - H\u00f6dlmayr - K\u00e1rolyi Ildik\u00f3' \/><\/a><div class='ef-proj-desc '><h2 class='ef-custom-header entry-title'><span>Telth\u00e1z<\/span><\/h2><\/div><div class='ftg-social'><\/div><\/div><div  class='tile ef-proj-img'><a title=\"Kupic\u00e1k katon\u00e1s rendben\"   class='tile-inner  ef-lightbox' href='https:\/\/www.keramiart.com\/wp-content\/uploads\/2016\/07\/hodlmayr-kupicak3c-keramiart-scaled.jpg' data-big='https:\/\/www.keramiart.com\/wp-content\/uploads\/2016\/07\/hodlmayr-kupicak3c-keramiart-scaled.jpg'><img class='item'  data-ftg-src='https:\/\/www.keramiart.com\/wp-content\/uploads\/2016\/07\/hodlmayr-kupicak3c-keramiart-480x360.jpg'  src='https:\/\/www.keramiart.com\/wp-content\/uploads\/2016\/07\/hodlmayr-kupicak3c-keramiart-480x360.jpg'  alt='Kupic\u00e1k katno\u00e1s rendben - H\u00f6dlmayr - K\u00e1rolyi Ildik\u00f3' \/><\/a><div class='ef-proj-desc '><h2 class='ef-custom-header entry-title'><span>Kupic\u00e1k katon\u00e1s rendben<\/span><\/h2><\/div><div class='ftg-social'><\/div><\/div><div  class='tile ef-proj-img'><a title=\"Sz\u00e1ll\u00edt\u00e1sra k\u00e9szen\"   class='tile-inner  ef-lightbox' href='https:\/\/www.keramiart.com\/wp-content\/uploads\/2016\/07\/hodlmayr-kupicak-csomag-keramiart.jpg' data-big='https:\/\/www.keramiart.com\/wp-content\/uploads\/2016\/07\/hodlmayr-kupicak-csomag-keramiart.jpg'><img class='item'  data-ftg-src='https:\/\/www.keramiart.com\/wp-content\/uploads\/2016\/07\/hodlmayr-kupicak-csomag-keramiart-480x360.jpg'  src='https:\/\/www.keramiart.com\/wp-content\/uploads\/2016\/07\/hodlmayr-kupicak-csomag-keramiart-480x360.jpg'  alt='Sz\u00e1ll\u00edt\u00e1sra k\u00e9szen - H\u00f6dlmayr - K\u00e1rolyi Ildik\u00f3' \/><\/a><div class='ef-proj-desc '><h2 class='ef-custom-header entry-title'><span>Sz\u00e1ll\u00edt\u00e1sra k\u00e9szen<\/span><\/h2><\/div><div class='ftg-social'><\/div><\/div><div  class='tile ef-proj-img'><a title=\"Kupic\u00e1k c\u00e9ges aj\u00e1nd\u00e9knak\"   class='tile-inner  ef-lightbox' href='https:\/\/www.keramiart.com\/wp-content\/uploads\/2016\/07\/hodlmayr-kupicak-keramiart-scaled.jpg' data-big='https:\/\/www.keramiart.com\/wp-content\/uploads\/2016\/07\/hodlmayr-kupicak-keramiart-scaled.jpg'><img class='item'  data-ftg-src='https:\/\/www.keramiart.com\/wp-content\/uploads\/2016\/07\/hodlmayr-kupicak-keramiart-667x500.jpg'  src='https:\/\/www.keramiart.com\/wp-content\/uploads\/2016\/07\/hodlmayr-kupicak-keramiart-667x500.jpg'  alt='Kupic\u00e1k c\u00e9ges aj\u00e1nd\u00e9knak - H\u00f6dlmayr - K\u00e1rolyi Ildik\u00f3' \/><\/a><div class='ef-proj-desc '><h2 class='ef-custom-header entry-title'><span>Kupic\u00e1k c\u00e9ges aj\u00e1nd\u00e9knak<\/span><\/h2><\/div><div class='ftg-social'><\/div><\/div><div  class='tile ef-proj-img'><a title=\"Aj\u00e1nd\u00e9kok c\u00e9ges rendezv\u00e9nyekre\"   class='tile-inner  ef-lightbox' href='https:\/\/www.keramiart.com\/wp-content\/uploads\/2016\/07\/hodlmayr-kupicak2-keramiart-scaled.jpg' data-big='https:\/\/www.keramiart.com\/wp-content\/uploads\/2016\/07\/hodlmayr-kupicak2-keramiart-scaled.jpg'><img class='item'  data-ftg-src='https:\/\/www.keramiart.com\/wp-content\/uploads\/2016\/07\/hodlmayr-kupicak2-keramiart-480x360.jpg'  src='https:\/\/www.keramiart.com\/wp-content\/uploads\/2016\/07\/hodlmayr-kupicak2-keramiart-480x360.jpg'  alt='Aj\u00e1nd\u00e9kok c\u00e9ges rendezv\u00e9nyekre - K\u00e1rolyi Ildik\u00f3' \/><\/a><div class='ef-proj-desc '><h2 class='ef-custom-header entry-title'><span>Aj\u00e1nd\u00e9kok c\u00e9ges rendezv\u00e9nyekre<\/span><\/h2><\/div><div class='ftg-social'><\/div><\/div><div  class='tile ef-proj-img'><a title=\"Kupic\u00e1k - Acryl Europe\"   class='tile-inner  ef-lightbox' href='https:\/\/www.keramiart.com\/wp-content\/uploads\/2016\/07\/acryl-europe-scaled.jpg' data-big='https:\/\/www.keramiart.com\/wp-content\/uploads\/2016\/07\/acryl-europe-scaled.jpg'><img class='item'  data-ftg-src='https:\/\/www.keramiart.com\/wp-content\/uploads\/2016\/07\/acryl-europe-480x360.jpg'  src='https:\/\/www.keramiart.com\/wp-content\/uploads\/2016\/07\/acryl-europe-480x360.jpg'  alt='Kupic\u00e1k - Acryl Europe - K\u00e1rolyi Ildik\u00f3' \/><\/a><div class='ef-proj-desc '><h2 class='ef-custom-header entry-title'><span>Kupic\u00e1k - Acryl Europe<\/span><\/h2><\/div><div class='ftg-social'><\/div><\/div><div  class='tile ef-proj-img'><a title=\"Agyag, k\u00e9z\"   class='tile-inner  ef-lightbox' href='https:\/\/www.keramiart.com\/wp-content\/uploads\/2016\/07\/agyag-keramiart.jpg' data-big='https:\/\/www.keramiart.com\/wp-content\/uploads\/2016\/07\/agyag-keramiart.jpg'><img class='item'  data-ftg-src='https:\/\/www.keramiart.com\/wp-content\/uploads\/2016\/07\/agyag-keramiart-500x500.jpg'  src='https:\/\/www.keramiart.com\/wp-content\/uploads\/2016\/07\/agyag-keramiart-500x500.jpg'  alt='Agyag, k\u00e9z - K\u00e1rolyi Ildik\u00f3' \/><\/a><div class='ef-proj-desc '><h2 class='ef-custom-header entry-title'><span>Agyag, k\u00e9z<\/span><\/h2><\/div><div class='ftg-social'><\/div><\/div><div  class='tile ef-proj-img'><a title=\"Esk\u00fcv\u0151i k\u00f6sz\u00f6netaj\u00e1nd\u00e9k\"   class='tile-inner  ef-lightbox' href='https:\/\/www.keramiart.com\/wp-content\/uploads\/2016\/07\/eskuvoi-koszonetajandek-kupicakupac.jpg' data-big='https:\/\/www.keramiart.com\/wp-content\/uploads\/2016\/07\/eskuvoi-koszonetajandek-kupicakupac.jpg'><img class='item'  data-ftg-src='https:\/\/www.keramiart.com\/wp-content\/uploads\/2016\/07\/eskuvoi-koszonetajandek-kupicakupac-480x470.jpg'  src='https:\/\/www.keramiart.com\/wp-content\/uploads\/2016\/07\/eskuvoi-koszonetajandek-kupicakupac-480x470.jpg'  alt='Esk\u00fcv\u0151i k\u00f6sz\u00f6netaj\u00e1nd\u00e9k kupic\u00e1k - K\u00e1rolyi Ildik\u00f3' \/><\/a><div class='ef-proj-desc '><h2 class='ef-custom-header entry-title'><span>Esk\u00fcv\u0151i k\u00f6sz\u00f6netaj\u00e1nd\u00e9k<\/span><\/h2><\/div><div class='ftg-social'><\/div><\/div><div  class='tile ef-proj-img'><a title=\"P\u00e1link\u00e1s k\u00e9szlet\"   class='tile-inner  ef-lightbox' href='https:\/\/www.keramiart.com\/wp-content\/uploads\/2016\/07\/palinkas-scaled.jpg' data-big='https:\/\/www.keramiart.com\/wp-content\/uploads\/2016\/07\/palinkas-scaled.jpg'><img class='item'  data-ftg-src='https:\/\/www.keramiart.com\/wp-content\/uploads\/2016\/07\/palinkas-375x500.jpg'  src='https:\/\/www.keramiart.com\/wp-content\/uploads\/2016\/07\/palinkas-375x500.jpg'  alt='P\u00e1link\u00e1s k\u00e9szlet - K\u00e1rolyi Ildik\u00f3' \/><\/a><div class='ef-proj-desc '><h2 class='ef-custom-header entry-title'><span>P\u00e1link\u00e1s k\u00e9szlet<\/span><\/h2><\/div><div class='ftg-social'><\/div><\/div><div  class='tile ef-proj-img'><a title=\"Szilk\u00e9k \u00e9vfordul\u00f3ra, oszt\u00e1lytal\u00e1lkoz\u00f3ra\"   class='tile-inner  ef-lightbox' href='https:\/\/www.keramiart.com\/wp-content\/uploads\/2016\/07\/szilke-bogre.jpg' data-big='https:\/\/www.keramiart.com\/wp-content\/uploads\/2016\/07\/szilke-bogre.jpg'><img class='item'  data-ftg-src='https:\/\/www.keramiart.com\/wp-content\/uploads\/2016\/07\/szilke-bogre-768x431.jpg'  src='https:\/\/www.keramiart.com\/wp-content\/uploads\/2016\/07\/szilke-bogre-768x431.jpg'  alt='Szilk\u00e9k \u00e9vfordul\u00f3ra, oszt\u00e1lytal\u00e1lkoz\u00f3ra - K\u00e1rolyi Ildik\u00f3' \/><\/a><div class='ef-proj-desc '><h2 class='ef-custom-header entry-title'><span>Szilk\u00e9k \u00e9vfordul\u00f3ra, oszt\u00e1lytal\u00e1lkoz\u00f3ra<\/span><\/h2><\/div><div class='ftg-social'><\/div><\/div><\/div><\/div><script type='text\/javascript'>setTimeout(function () {jQuery('#ftg-8700').finalTilesGallery({minTileWidth: 250,margin: 10,debug: false,gridSize: 75,allowEnlargement: true,imageSizeFactor: [ [4000, 0.9],[1024, 0.8],[768, 0.7],[640, 0.6],[320, 0.5]],scrollEffect: '',});jQuery(function () {});}, 0);<\/script>\n","protected":false},"excerpt":{"rendered":"<p>A ker\u00e1mi\u00e1b\u00f3l k\u00e9sz\u00fclt esk\u00fcv\u0151i k\u00f6sz\u00f6netaj\u00e1nd\u00e9k \u00edzl\u00e9ses \u00e9s garant\u00e1ltan egyedi. Ker\u00e1mia p\u00e1link\u00e1s kupica, \u00edgy is lehet: hazai, k\u00e9zm\u0171ves rekl\u00e1maj\u00e1nd\u00e9k c\u00e9geknek is, sz\u00edvvel-l\u00e9lekkel.<\/p>\n","protected":false},"author":1,"featured_media":1621,"parent":0,"menu_order":12,"comment_status":"closed","ping_status":"closed","template":"","meta":{"_seopress_robots_primary_cat":"","_seopress_titles_title":"","_seopress_titles_desc":"","_seopress_robots_index":"","footnotes":""},"class_list":["post-1579","page","type-page","status-publish","has-post-thumbnail","hentry"],"_links":{"self":[{"href":"https:\/\/www.keramiart.com\/hu\/wp-json\/wp\/v2\/pages\/1579","targetHints":{"allow":["GET"]}}],"collection":[{"href":"https:\/\/www.keramiart.com\/hu\/wp-json\/wp\/v2\/pages"}],"about":[{"href":"https:\/\/www.keramiart.com\/hu\/wp-json\/wp\/v2\/types\/page"}],"author":[{"embeddable":true,"href":"https:\/\/www.keramiart.com\/hu\/wp-json\/wp\/v2\/users\/1"}],"replies":[{"embeddable":true,"href":"https:\/\/www.keramiart.com\/hu\/wp-json\/wp\/v2\/comments?post=1579"}],"version-history":[{"count":30,"href":"https:\/\/www.keramiart.com\/hu\/wp-json\/wp\/v2\/pages\/1579\/revisions"}],"predecessor-version":[{"id":3567,"href":"https:\/\/www.keramiart.com\/hu\/wp-json\/wp\/v2\/pages\/1579\/revisions\/3567"}],"wp:featuredmedia":[{"embeddable":true,"href":"https:\/\/www.keramiart.com\/hu\/wp-json\/wp\/v2\/media\/1621"}],"wp:attachment":[{"href":"https:\/\/www.keramiart.com\/hu\/wp-json\/wp\/v2\/media?parent=1579"}],"curies":[{"name":"wp","href":"https:\/\/api.w.org\/{rel}","templated":true}]}}