{"id":848,"date":"2015-11-07T18:18:13","date_gmt":"2015-11-07T17:18:13","guid":{"rendered":"http:\/\/www.keramiart.com\/hu\/?page_id=848"},"modified":"2021-01-07T21:33:16","modified_gmt":"2021-01-07T20:33:16","slug":"suttogogombok","status":"publish","type":"page","link":"https:\/\/www.keramiart.com\/hu\/suttogogombok\/","title":{"rendered":"Suttog\u00f3g\u00f6mb\u00f6k"},"content":{"rendered":"","protected":false},"excerpt":{"rendered":"<p>A Suttog\u00f3g\u00f6mb\u00f6k szinte k\u00e9rik, hogy vegy\u00fck k\u00e9zbe \u0151ket, g\u00f6mb\u00f6ly\u0171en ergonomikusak, sokoldal\u00faan mutatj\u00e1k be az anyagban rejl\u0151 egyed\u00fcl\u00e1ll\u00f3, tapinthat\u00f3 dekor\u00e1ci\u00f3s lehet\u0151s\u00e9geket. Benn\u00fck tov\u00e1bb\u00e9l a hagyom\u00e1ny, m\u00e9gis valami teljesen \u00faj sz\u00fcletik \u00e1ltaluk.<\/p>\n","protected":false},"author":1,"featured_media":3519,"parent":0,"menu_order":16,"comment_status":"closed","ping_status":"closed","template":"templates\/portfolio-template.php","meta":{"_seopress_robots_primary_cat":"","_seopress_titles_title":"Suttog\u00f3g\u00f6mb\u00f6k%%current_pagination%% \u2022 K\u00e1rolyi Ildik\u00f3: Egyedi rakuker\u00e1mia","_seopress_titles_desc":"%%custom_pagination%%A Suttog\u00f3g\u00f6mb\u00f6k szinte k\u00e9rik, hogy vegy\u00fck k\u00e9zbe \u0151ket, g\u00f6mb\u00f6ly\u0171en ergonomikusak, sokoldal\u00faan mutatj\u00e1k be az anyagban rejl\u0151 egyed\u00fcl\u00e1ll\u00f3, tapinthat\u00f3 dekor\u00e1ci\u00f3s lehet\u0151s\u00e9geket. Benn\u00fck tov\u00e1bb\u00e9l a hagyom\u00e1ny, m\u00e9gis valami teljesen \u00faj sz\u00fcletik \u00e1ltaluk.","_seopress_robots_index":"","footnotes":""},"class_list":["post-848","page","type-page","status-publish","has-post-thumbnail","hentry"],"_links":{"self":[{"href":"https:\/\/www.keramiart.com\/hu\/wp-json\/wp\/v2\/pages\/848","targetHints":{"allow":["GET"]}}],"collection":[{"href":"https:\/\/www.keramiart.com\/hu\/wp-json\/wp\/v2\/pages"}],"about":[{"href":"https:\/\/www.keramiart.com\/hu\/wp-json\/wp\/v2\/types\/page"}],"author":[{"embeddable":true,"href":"https:\/\/www.keramiart.com\/hu\/wp-json\/wp\/v2\/users\/1"}],"replies":[{"embeddable":true,"href":"https:\/\/www.keramiart.com\/hu\/wp-json\/wp\/v2\/comments?post=848"}],"version-history":[{"count":2,"href":"https:\/\/www.keramiart.com\/hu\/wp-json\/wp\/v2\/pages\/848\/revisions"}],"predecessor-version":[{"id":2024,"href":"https:\/\/www.keramiart.com\/hu\/wp-json\/wp\/v2\/pages\/848\/revisions\/2024"}],"wp:featuredmedia":[{"embeddable":true,"href":"https:\/\/www.keramiart.com\/hu\/wp-json\/wp\/v2\/media\/3519"}],"wp:attachment":[{"href":"https:\/\/www.keramiart.com\/hu\/wp-json\/wp\/v2\/media?parent=848"}],"curies":[{"name":"wp","href":"https:\/\/api.w.org\/{rel}","templated":true}]}}