{"id":853,"date":"2015-11-07T18:42:27","date_gmt":"2015-11-07T17:42:27","guid":{"rendered":"http:\/\/www.keramiart.com\/hu\/?page_id=853"},"modified":"2020-08-28T22:50:17","modified_gmt":"2020-08-28T20:50:17","slug":"home-dekor","status":"publish","type":"page","link":"https:\/\/www.keramiart.com\/hu\/home-dekor\/","title":{"rendered":"Home dekor"},"content":{"rendered":"","protected":false},"excerpt":{"rendered":"<p>Jellemz\u0151en a raku technik\u00e1t alkalmazom, mert \u00edgy olyan eszt\u00e9tikum\u00fa t\u00e1rgyakat hozhatok l\u00e9tre, amelyek a mai modern, letisztult forma- \u00e9s sz\u00ednvil\u00e1g\u00fa bels\u0151 terekben valamint konzervat\u00edvabb eleganci\u00e1val berendezett k\u00f6rnyezetben egyar\u00e1nt megtal\u00e1lj\u00e1k \u00e9s meg\u00e1llj\u00e1k hely\u00fcket.<\/p>\n","protected":false},"author":1,"featured_media":3289,"parent":0,"menu_order":17,"comment_status":"closed","ping_status":"closed","template":"templates\/portfolio-template.php","meta":{"_seopress_robots_primary_cat":"","_seopress_titles_title":"","_seopress_titles_desc":"","_seopress_robots_index":"","footnotes":""},"class_list":["post-853","page","type-page","status-publish","has-post-thumbnail","hentry"],"_links":{"self":[{"href":"https:\/\/www.keramiart.com\/hu\/wp-json\/wp\/v2\/pages\/853","targetHints":{"allow":["GET"]}}],"collection":[{"href":"https:\/\/www.keramiart.com\/hu\/wp-json\/wp\/v2\/pages"}],"about":[{"href":"https:\/\/www.keramiart.com\/hu\/wp-json\/wp\/v2\/types\/page"}],"author":[{"embeddable":true,"href":"https:\/\/www.keramiart.com\/hu\/wp-json\/wp\/v2\/users\/1"}],"replies":[{"embeddable":true,"href":"https:\/\/www.keramiart.com\/hu\/wp-json\/wp\/v2\/comments?post=853"}],"version-history":[{"count":2,"href":"https:\/\/www.keramiart.com\/hu\/wp-json\/wp\/v2\/pages\/853\/revisions"}],"predecessor-version":[{"id":2025,"href":"https:\/\/www.keramiart.com\/hu\/wp-json\/wp\/v2\/pages\/853\/revisions\/2025"}],"wp:featuredmedia":[{"embeddable":true,"href":"https:\/\/www.keramiart.com\/hu\/wp-json\/wp\/v2\/media\/3289"}],"wp:attachment":[{"href":"https:\/\/www.keramiart.com\/hu\/wp-json\/wp\/v2\/media?parent=853"}],"curies":[{"name":"wp","href":"https:\/\/api.w.org\/{rel}","templated":true}]}}