{"id":855,"date":"2015-11-07T18:43:52","date_gmt":"2015-11-07T17:43:52","guid":{"rendered":"http:\/\/www.keramiart.com\/hu\/?page_id=855"},"modified":"2020-08-28T22:50:25","modified_gmt":"2020-08-28T20:50:25","slug":"furdoszobai-kiegeszitok","status":"publish","type":"page","link":"https:\/\/www.keramiart.com\/hu\/home-dekor\/furdoszobai-kiegeszitok\/","title":{"rendered":"F\u00fcrd\u0151szobai kieg\u00e9sz\u00edt\u0151k"},"content":{"rendered":"","protected":false},"excerpt":{"rendered":"<p>Ha m\u0171v\u00e9szi \u00e9rt\u00e9kkel b\u00edr\u00f3, egyedi tervez\u00e9s\u0171 t\u00e1rgyak vesznek k\u00f6r\u00fcl minket otthonunkban, az szerethet\u0151bb\u00e9 teszi \u00e9let\u00fcnket. Ak\u00e1r a f\u00fcrd\u0151szob\u00e1ban, ak\u00e1r a h\u00e1z m\u00e1s helyis\u00e9geiben.<\/p>\n","protected":false},"author":1,"featured_media":3444,"parent":853,"menu_order":19,"comment_status":"closed","ping_status":"closed","template":"templates\/portfolio-template.php","meta":{"_seopress_robots_primary_cat":"","_seopress_titles_title":"","_seopress_titles_desc":"","_seopress_robots_index":"","footnotes":""},"class_list":["post-855","page","type-page","status-publish","has-post-thumbnail","hentry"],"_links":{"self":[{"href":"https:\/\/www.keramiart.com\/hu\/wp-json\/wp\/v2\/pages\/855","targetHints":{"allow":["GET"]}}],"collection":[{"href":"https:\/\/www.keramiart.com\/hu\/wp-json\/wp\/v2\/pages"}],"about":[{"href":"https:\/\/www.keramiart.com\/hu\/wp-json\/wp\/v2\/types\/page"}],"author":[{"embeddable":true,"href":"https:\/\/www.keramiart.com\/hu\/wp-json\/wp\/v2\/users\/1"}],"replies":[{"embeddable":true,"href":"https:\/\/www.keramiart.com\/hu\/wp-json\/wp\/v2\/comments?post=855"}],"version-history":[{"count":2,"href":"https:\/\/www.keramiart.com\/hu\/wp-json\/wp\/v2\/pages\/855\/revisions"}],"predecessor-version":[{"id":2026,"href":"https:\/\/www.keramiart.com\/hu\/wp-json\/wp\/v2\/pages\/855\/revisions\/2026"}],"up":[{"embeddable":true,"href":"https:\/\/www.keramiart.com\/hu\/wp-json\/wp\/v2\/pages\/853"}],"wp:featuredmedia":[{"embeddable":true,"href":"https:\/\/www.keramiart.com\/hu\/wp-json\/wp\/v2\/media\/3444"}],"wp:attachment":[{"href":"https:\/\/www.keramiart.com\/hu\/wp-json\/wp\/v2\/media?parent=855"}],"curies":[{"name":"wp","href":"https:\/\/api.w.org\/{rel}","templated":true}]}}