{"id":857,"date":"2015-11-07T18:45:07","date_gmt":"2015-11-07T17:45:07","guid":{"rendered":"http:\/\/www.keramiart.com\/hu\/?page_id=857"},"modified":"2020-08-28T22:49:07","modified_gmt":"2020-08-28T20:49:07","slug":"ekszerek","status":"publish","type":"page","link":"https:\/\/www.keramiart.com\/hu\/home-dekor\/ekszerek\/","title":{"rendered":"\u00c9kszerek"},"content":{"rendered":"","protected":false},"excerpt":{"rendered":"<p>A raku ker\u00e1mi\u00e1k \u00e9s legt\u00f6bbsz\u00f6r 925-\u00f6s ez\u00fcst kieg\u00e9sz\u00edt\u0151kkel k\u00e9sz\u00fcl\u0151 \u00e9kszerek minden darabja v\u00e9gtelen\u00fcl \u00e9s kisz\u00e1m\u00edthatatlanul egyedi, fiatalos, modern \u00e9s term\u00e9szetk\u00f6zeli.<\/p>\n","protected":false},"author":1,"featured_media":2010,"parent":853,"menu_order":21,"comment_status":"closed","ping_status":"closed","template":"templates\/portfolio-template.php","meta":{"_seopress_robots_primary_cat":"","_seopress_titles_title":"","_seopress_titles_desc":"","_seopress_robots_index":"","footnotes":""},"class_list":["post-857","page","type-page","status-publish","has-post-thumbnail","hentry"],"_links":{"self":[{"href":"https:\/\/www.keramiart.com\/hu\/wp-json\/wp\/v2\/pages\/857","targetHints":{"allow":["GET"]}}],"collection":[{"href":"https:\/\/www.keramiart.com\/hu\/wp-json\/wp\/v2\/pages"}],"about":[{"href":"https:\/\/www.keramiart.com\/hu\/wp-json\/wp\/v2\/types\/page"}],"author":[{"embeddable":true,"href":"https:\/\/www.keramiart.com\/hu\/wp-json\/wp\/v2\/users\/1"}],"replies":[{"embeddable":true,"href":"https:\/\/www.keramiart.com\/hu\/wp-json\/wp\/v2\/comments?post=857"}],"version-history":[{"count":3,"href":"https:\/\/www.keramiart.com\/hu\/wp-json\/wp\/v2\/pages\/857\/revisions"}],"predecessor-version":[{"id":2048,"href":"https:\/\/www.keramiart.com\/hu\/wp-json\/wp\/v2\/pages\/857\/revisions\/2048"}],"up":[{"embeddable":true,"href":"https:\/\/www.keramiart.com\/hu\/wp-json\/wp\/v2\/pages\/853"}],"wp:featuredmedia":[{"embeddable":true,"href":"https:\/\/www.keramiart.com\/hu\/wp-json\/wp\/v2\/media\/2010"}],"wp:attachment":[{"href":"https:\/\/www.keramiart.com\/hu\/wp-json\/wp\/v2\/media?parent=857"}],"curies":[{"name":"wp","href":"https:\/\/api.w.org\/{rel}","templated":true}]}}