{"id":859,"date":"2015-11-07T18:46:25","date_gmt":"2015-11-07T17:46:25","guid":{"rendered":"http:\/\/www.keramiart.com\/hu\/?page_id=859"},"modified":"2022-08-29T21:29:47","modified_gmt":"2022-08-29T19:29:47","slug":"kapcsolat","status":"publish","type":"page","link":"https:\/\/www.keramiart.com\/hu\/kapcsolat\/","title":{"rendered":"Kapcsolat \u2022 V\u00e1s\u00e1rl\u00e1s"},"content":{"rendered":"<div class=\"row\"><div class=\"col-md-8\">\n<h2 class=\"am-subheader\" >Rendeln\u00e9l, \u00e9rdekl\u0151dn\u00e9l? \u00cdrj!<\/h2>\n<p>Minden lev\u00e9lre v\u00e1laszolunk. Ha s\u00fcrg\u0151s rendel\u00e9sr\u0151l lenne sz\u00f3, v\u00e1laszd ink\u00e1bb a telefont!<\/p>\n\n<div class=\"wpcf7 no-js\" id=\"wpcf7-f882-o1\" lang=\"en-US\" dir=\"ltr\" data-wpcf7-id=\"882\">\n<div class=\"screen-reader-response\"><p role=\"status\" aria-live=\"polite\" aria-atomic=\"true\"><\/p> <ul><\/ul><\/div>\n<form action=\"\/hu\/wp-json\/wp\/v2\/pages\/859#wpcf7-f882-o1\" method=\"post\" class=\"wpcf7-form init\" aria-label=\"Contact form\" novalidate=\"novalidate\" data-status=\"init\">\n<fieldset class=\"hidden-fields-container\"><input type=\"hidden\" name=\"_wpcf7\" value=\"882\" \/><input type=\"hidden\" name=\"_wpcf7_version\" value=\"6.1.5\" \/><input type=\"hidden\" name=\"_wpcf7_locale\" value=\"en_US\" \/><input type=\"hidden\" name=\"_wpcf7_unit_tag\" value=\"wpcf7-f882-o1\" \/><input type=\"hidden\" name=\"_wpcf7_container_post\" value=\"0\" \/><input type=\"hidden\" name=\"_wpcf7_posted_data_hash\" value=\"\" \/>\n<\/fieldset>\n<p><label class=\"wpcf7-form\">N\u00e9v <span>*<\/span><br \/>\n<span class=\"wpcf7-form-control-wrap\" data-name=\"your-name\"><input size=\"40\" maxlength=\"400\" class=\"wpcf7-form-control wpcf7-text wpcf7-validates-as-required\" aria-required=\"true\" aria-invalid=\"false\" value=\"\" type=\"text\" name=\"your-name\" \/><\/span> <\/label>\n<\/p>\n<p><label class=\"wpcf7-form\">Email <span>*<\/span><br \/>\n<span class=\"wpcf7-form-control-wrap\" data-name=\"your-email\"><input size=\"40\" maxlength=\"400\" class=\"wpcf7-form-control wpcf7-email wpcf7-validates-as-required wpcf7-text wpcf7-validates-as-email\" aria-required=\"true\" aria-invalid=\"false\" value=\"\" type=\"email\" name=\"your-email\" \/><\/span> <\/label>\n<\/p>\n<p><label class=\"wpcf7-form\">T\u00e1rgy <span>*<\/span><br \/>\n<span class=\"wpcf7-form-control-wrap\" data-name=\"your-subject\"><input size=\"40\" maxlength=\"400\" class=\"wpcf7-form-control wpcf7-text wpcf7-validates-as-required\" aria-required=\"true\" aria-invalid=\"false\" value=\"\" type=\"text\" name=\"your-subject\" \/><\/span> <\/label>\n<\/p>\n<p><label class=\"wpcf7-form\">\u00dczenet<br \/>\n<span class=\"wpcf7-form-control-wrap\" data-name=\"your-message\"><textarea cols=\"40\" rows=\"10\" maxlength=\"2000\" class=\"wpcf7-form-control wpcf7-textarea\" aria-invalid=\"false\" name=\"your-message\"><\/textarea><\/span> <\/label>\n<\/p>\n<p><div class=\"cf7-cf-turnstile\" style=\"margin-top: 0px; margin-bottom: -15px;\"> <div id=\"cf-turnstile-cf7-3736897826\" class=\"cf-turnstile\" data-callback=\"turnstileCF7Callback\" data-sitekey=\"0x4AAAAAACob_bVCnrmpcIDV\" data-theme=\"auto\" data-language=\"en-us\" data-size=\"normal\" data-retry=\"auto\" data-retry-interval=\"1000\" data-refresh-expired=\"auto\" data-action=\"contact-form-7\" data-appearance=\"always\"><\/div> <style>.wpcf7-submit { pointer-events: none; opacity: 0.5; }<\/style> <script>document.addEventListener(\"DOMContentLoaded\", function() { setTimeout(function(){ var e=document.getElementById(\"cf-turnstile-cf7-3736897826\"); e&&!e.innerHTML.trim()&&(turnstile.remove(\"#cf-turnstile-cf7-3736897826\"), turnstile.render(\"#cf-turnstile-cf7-3736897826\", {sitekey:\"0x4AAAAAACob_bVCnrmpcIDV\"})); }, 100); });<\/script> <br class=\"cf-turnstile-br cf-turnstile-br-cf7-3736897826\"> <style>#cf-turnstile-cf7-3736897826 { margin-left: -15px; }<\/style> <script>document.addEventListener(\"DOMContentLoaded\",function(){document.querySelectorAll('.wpcf7-form').forEach(function(e){e.addEventListener('submit',function(){if(document.getElementById('cf-turnstile-cf7-3736897826')){setTimeout(function(){turnstile.reset('#cf-turnstile-cf7-3736897826');},1000)}})})});<\/script> <\/div><br\/><input class=\"wpcf7-form-control wpcf7-submit has-spinner btn btn-primary\" type=\"submit\" value=\"Elk\u00fcld\" \/>\n<\/p><p style=\"display: none !important;\" class=\"akismet-fields-container\" data-prefix=\"_wpcf7_ak_\"><label>&#916;<textarea name=\"_wpcf7_ak_hp_textarea\" cols=\"45\" rows=\"8\" maxlength=\"100\"><\/textarea><\/label><input type=\"hidden\" id=\"ak_js_1\" name=\"_wpcf7_ak_js\" value=\"118\"\/><script>document.getElementById( \"ak_js_1\" ).setAttribute( \"value\", ( new Date() ).getTime() );<\/script><\/p><div class=\"wpcf7-response-output\" aria-hidden=\"true\"><\/div>\n<\/form>\n<\/div>\n\n<\/div><div class=\"col-md-4\">\n<h2 class=\"am-subheader\" >K\u00e9szlet, \u00e1rak<\/h2>\n<p>Minden darab k\u00e9zzel k\u00e9sz\u00fclt, \u00e9s megism\u00e9telhetetlen\u00fcl egyedi, bel\u0151l\u00fck folyamatosan v\u00e1ltoz\u00f3 k\u00e9szlet tal\u00e1lhat\u00f3 a KeramiArt m\u0171helyben. A Suttog\u00f3g\u00f6mb\u00f6k \u00e1ra 18.000 Ft-t\u00f3l indul, \u00e9s m\u00e9rett\u0151l valamint a kialak\u00edt\u00e1s bonyolults\u00e1g\u00e1t\u00f3l f\u00fcgg\u0151en el\u00e9rheti az 50.000 forintot. A nagym\u00e9ret\u0171 Raku daraboknak egyedi az \u00e1raz\u00e1sa, 40 ezer Ft-t\u00f3l 160 ezer forintig. Fazekas\u00e1ruk, nagyobb rendel\u00e9s eset\u00e9n egyedi \u00e1raj\u00e1nlatot k\u00e9sz\u00edtek. A postak\u00f6lts\u00e9g f\u00fcgg a t\u00e1vols\u00e1gt\u00f3l, a t\u00e1rgyak mennyis\u00e9g\u00e9t\u0151l \u00e9s m\u00e9ret\u00e9t\u0151l, de \u00e1ltal\u00e1ban a TNT Express \u00e1rai ir\u00e1nyad\u00f3ak. Ha megkeresel, pontos kalkul\u00e1ci\u00f3t k\u00fcld\u00f6k.<\/p>\n<h2 class=\"am-subheader\" >Gal\u00e9ri\u00e1k<\/h2>\n<p>Munk\u00e1im megvehet\u0151k a k\u00f6vetkez\u0151 gal\u00e9ri\u00e1kban.<\/p>\n<div class=\"ef-style-accordion ef-toggle\">\n<h4><span class=\"ef-uiaccordion-head-inner\">Magma Lak\u00e1sm\u0171v\u00e9szet<\/span><\/h4>\n<div class=\"show-for-print\"><div class=\"ef-uiaccordion-content-inner\">\n1052 Budapest, Pet\u0151fi S\u00e1ndor utca 11.<br \/>\nH-P: 10-19, Szo: 10-15<\/p>\n<p><a href=\"https:\/\/magma.hu\/termekkategoria\/ceramics-and-china-hu\/keramiart-karolyi-ildiko-hu\/?lang=hu\">www.magma.hu<\/a><br \/>\n<\/div><\/div>\n<h4><span class=\"ef-uiaccordion-head-inner\">Art Box a M\u0171csarnokban \/ Designart.hu<\/span><\/h4>\n<div class=\"show-for-print\"><div class=\"ef-uiaccordion-content-inner\">\n1146 Budapest, D\u00f3zsa Gy\u00f6rgy \u00fat 37. (M\u0171csarnok)<br \/>\nK-Sze, P-V: 10-18, Cs: 12-20<\/p>\n<p><a href=\"https:\/\/designart.hu\/karolyi-ildiko\/\">designart.hu<\/a><br \/>\n<\/div><\/div>\n<h4><span class=\"ef-uiaccordion-head-inner\">unik.at Gal\u00e9ria<\/span><\/h4>\n<div class=\"show-for-print\"><div class=\"ef-uiaccordion-content-inner\">\nAusztria, 1080 B\u00e9cs, Josefst\u00e4dterstra\u00dfe 40.<br \/>\nH-P: 10-19, Szo: 10-14<\/p>\n<p><a href=\"http:\/\/www.humanisierte.at\/?page_id=8\">www.unik.at<\/a><br \/>\n<\/div><\/div>\n<h4><span class=\"ef-uiaccordion-head-inner\">Godshot studio<\/span><\/h4>\n<div class=\"show-for-print\"><div class=\"ef-uiaccordion-content-inner\">\nEgyes\u00fclt Kir\u00e1lys\u00e1g, Glasgow G41 3YH, Shawlands, 1143 Pollokshaws Rd<br \/>\nCs-K: 9-17<\/p>\n<p><a href=\"https:\/\/mygodshot.com\/brand\/keramiart\/\">mygodshot.com<\/a><br \/>\n<\/div><\/div>\n<h4><span class=\"ef-uiaccordion-head-inner\">Mono Art &#038; Design<\/span><\/h4>\n<div class=\"show-for-print\"><div class=\"ef-uiaccordion-content-inner\">\n1053 Budapest, Kossuth Lajos utca 12.<br \/>\nH-P: 11-20, Szo: 10-18<\/p>\n<p><a href=\"http:\/\/monoartanddesign.tumblr.com\/\">monoartanddesign.tumblr.com<\/a><br \/>\n<\/div><\/div>\n<h4><span class=\"ef-uiaccordion-head-inner\">Mont\u00e1zs (v\u00e9gleg bez\u00e1rt)<\/span><\/h4>\n<div class=\"show-for-print\"><div class=\"ef-uiaccordion-content-inner\">\n2000 Szentendre, G\u00f6r\u00f6g utca 4.<br \/>\nV\u00e9gleg bez\u00e1rt<\/p>\n<p><a href=\"http:\/\/www.montazs.com\/\">www.montazs.com<\/a><br \/>\n<\/div><\/div>\n<\/div>\n<h2 class=\"am-subheader\" >Keress b\u00e1tran!<\/h2>\n<p>Sz\u00edvesen l\u00e1tlak budapesti ker\u00e1miam\u0171helyemben, de el\u0151tte \u00e9rdemes f\u00f6lh\u00edvnod telefonon, ott tal\u00e1lsz-e.<\/p>\n<div class=\"social-btn-list\"><small>Online is el\u00e9rsz:<\/small><ul class=\"list-inline\">\n<li><a class=\"icn-facebook-squared\" href=\"https:\/\/www.facebook.com\/keramiart\/\" title=\"Facebook\" target=\"_blank\"><\/a><\/li>\n<li><a class=\"icn-instagram\" href=\"https:\/\/www.instagram.com\/keramiart\/\" title=\"Instagram\" target=\"_blank\"><\/a><\/li>\n<li><a class=\"icn-pinterest-squared\" href=\"https:\/\/www.pinterest.com\/keramiart\/\" title=\"Pinterest\" target=\"_blank\"><\/a><\/li>\n<li><a class=\"icn-linkedin-squared\" href=\"https:\/\/www.linkedin.com\/in\/keramiart\/\" title=\"LinkedIn\" target=\"_blank\"><\/a><\/li>\n<li><a class=\"icn-vimeo-squared\" href=\"https:\/\/www.vimeo.com\/keramiart\/\" title=\"Vimeo\" target=\"_blank\"><\/a><\/li>\n<\/ul><\/div>\n<\/div>\n<\/div>\n","protected":false},"excerpt":{"rendered":"<p>Minden darab k\u00e9zzel k\u00e9sz\u00fclt, \u00e9s megism\u00e9telhetetlen\u00fcl egyedi, bel\u0151l\u00fck folyamatosan v\u00e1ltoz\u00f3 k\u00e9szlet tal\u00e1lhat\u00f3 a KeramiArt m\u0171helyben. Rendeln\u00e9l, \u00e9rdekl\u0151dn\u00e9l? \u00cdrj! Minden lev\u00e9lre v\u00e1laszolunk. Ha s\u00fcrg\u0151s rendel\u00e9sr\u0151l lenne sz\u00f3, v\u00e1laszd ink\u00e1bb a telefont!<\/p>\n","protected":false},"author":1,"featured_media":2006,"parent":0,"menu_order":23,"comment_status":"closed","ping_status":"closed","template":"templates\/contact-template.php","meta":{"_seopress_robots_primary_cat":"","_seopress_titles_title":"","_seopress_titles_desc":"","_seopress_robots_index":"","footnotes":""},"class_list":["post-859","page","type-page","status-publish","has-post-thumbnail","hentry"],"_links":{"self":[{"href":"https:\/\/www.keramiart.com\/hu\/wp-json\/wp\/v2\/pages\/859","targetHints":{"allow":["GET"]}}],"collection":[{"href":"https:\/\/www.keramiart.com\/hu\/wp-json\/wp\/v2\/pages"}],"about":[{"href":"https:\/\/www.keramiart.com\/hu\/wp-json\/wp\/v2\/types\/page"}],"author":[{"embeddable":true,"href":"https:\/\/www.keramiart.com\/hu\/wp-json\/wp\/v2\/users\/1"}],"replies":[{"embeddable":true,"href":"https:\/\/www.keramiart.com\/hu\/wp-json\/wp\/v2\/comments?post=859"}],"version-history":[{"count":51,"href":"https:\/\/www.keramiart.com\/hu\/wp-json\/wp\/v2\/pages\/859\/revisions"}],"predecessor-version":[{"id":3631,"href":"https:\/\/www.keramiart.com\/hu\/wp-json\/wp\/v2\/pages\/859\/revisions\/3631"}],"wp:featuredmedia":[{"embeddable":true,"href":"https:\/\/www.keramiart.com\/hu\/wp-json\/wp\/v2\/media\/2006"}],"wp:attachment":[{"href":"https:\/\/www.keramiart.com\/hu\/wp-json\/wp\/v2\/media?parent=859"}],"curies":[{"name":"wp","href":"https:\/\/api.w.org\/{rel}","templated":true}]}}