{"id":861,"date":"2015-11-07T18:50:13","date_gmt":"2015-11-07T17:50:13","guid":{"rendered":"http:\/\/www.keramiart.com\/hu\/?page_id=861"},"modified":"2021-01-06T22:25:39","modified_gmt":"2021-01-06T21:25:39","slug":"karolyi-ildiko","status":"publish","type":"page","link":"https:\/\/www.keramiart.com\/hu\/karolyi-ildiko\/","title":{"rendered":"K\u00e1rolyi Ildik\u00f3"},"content":{"rendered":"<p>Ker\u00e1miat\u00e1rgyakat k\u00e9sz\u00edtek. C\u00e9lom az, hogy olyan szerethet\u0151, ig\u00e9nyes, sokf\u00e9le vizu\u00e1lis \u00e9s taktilis \u00e9lm\u00e9nyt ny\u00fajt\u00f3, haszn\u00e1lhat\u00f3 t\u00e1rgyakat hozzak l\u00e9tre, amelyek a 21. sz\u00e1zadi otthonoknak, vagy ak\u00e1r k\u00f6zter\u00fcleteknek is d\u00edszei lehetnek.<\/p>\n<p>A t\u00e1rgyalkot\u00f3 folyamat sz\u00e1momra \u00e1lland\u00f3, tudatos, r\u00e9szben m\u00e9gis \u00f6szt\u00f6n\u00f6s k\u00eds\u00e9rletez\u00e9st jelent az anyaggal, form\u00e1kkal, fel\u00fcletekkel. Keramikusk\u00e9nt c\u00e9lom a sz\u00e9ps\u00e9g megragad\u00e1sa. A folyamat sor\u00e1n intuit\u00edv m\u00f3don kutatom a harm\u00f3ni\u00e1t, keresem a sz\u00e9pet. A kezeim k\u00f6z\u00f6tt sz\u00fclet\u0151 t\u00e1rgyak a keres\u0151-kutat\u00f3-szeml\u00e9l\u0151d\u0151 ember bels\u0151 \u00fatj\u00e1nak lenyomatai.<\/p>\n<p>Csaknem n\u00e9gy \u00e9ve alkotok <a href=\"\/hu\/suttogogombok\/\">Suttog\u00f3g\u00f6mb\u00f6ket<\/a>, tapinthat\u00f3 univerzumokat. G\u00f6mbjeimmel megpr\u00f3b\u00e1lom felid\u00e9zni az emberek kezdeti agyaghaszn\u00e1lat\u00e1t. A t\u00e1rgyak szinte k\u00e9rik, hogy vegy\u00fck k\u00e9zbe \u0151ket, ergonomikusak g\u00f6mb\u00f6ly\u0171s\u00e9g\u00fckben, tisztelegnek az anyagban rejl\u0151,  egyed\u00fcl\u00e1ll\u00f3, tapinthat\u00f3 dekor\u00e1ci\u00f3s lehet\u0151s\u00e9gek sokoldal\u00fas\u00e1ga el\u0151tt. A Suttog\u00f3g\u00f6mb\u00f6kben tov\u00e1bb\u00e9l a hagyom\u00e1ny, m\u00e9gis valami teljesen \u00faj sz\u00fcletik \u00e1ltaluk.<\/p>\n<a class=\"btn btn-xs btn-primary\" href=\"\/wp-content\/uploads\/pdf\/ildiko-karolyi-cv-portfolio-keramiart-hu.pdf\" title=\"K\u00e1rolyi Ildik\u00f3 \u00f6n\u00e9letrajz \u00e9s portfoli\u00f3\" target=\"_blank\">\u00d6n\u00e9letrajz \u00e9s portf\u00f3li\u00f3 let\u00f6lt\u00e9se (PDF: 1,22 MB)<\/a> <a class=\"btn btn-xs btn-default\" href=\"\/hu\/kapcsolat\/\" title=\"Kapcsolat, megrendel\u00e9s\" target=\"_self\">Kapcsolat<\/a>\n<h2 class=\"am-subheader\" >Raku ker\u00e1mia<\/h2>\n<p>Jellemz\u0151en a raku technik\u00e1t alkalmazom, mert \u00edgy olyan eszt\u00e9tikum\u00fa t\u00e1rgyakat hozhatok l\u00e9tre, amelyek a mai modern, letisztult forma- \u00e9s sz\u00ednvil\u00e1g\u00fa bels\u0151 terekben valamint konzervat\u00edvabb eleganci\u00e1val berendezett k\u00f6rnyezetben egyar\u00e1nt megtal\u00e1lj\u00e1k \u00e9s meg\u00e1llj\u00e1k hely\u00fcket. A raku ker\u00e1mi\u00e1k minden darabja v\u00e9gtelen\u00fcl \u00e9s kisz\u00e1m\u00edthatatlanul egyedi, fiatalos, modern \u00e9s term\u00e9szetk\u00f6zeli. Nemcsak a raku t\u00e1rgyak eszt\u00e9tik\u00e1ja izgalmas, maga a <a href=\"\/hu\/raku-az-elemek-harmoniaja\/\">rakuz\u00e1s folyamata<\/a> is az. T\u00f6bb, mint egy alacsonyt\u00fcz\u0171, redukci\u00f3s \u00e9get\u00e9si technika, val\u00f3j\u00e1ban kalandos, t\u00f6bbszerepl\u0151s performance.<\/p>\n<h2 class=\"am-subheader\" >K\u00e9pzetts\u00e9gek<\/h2>\n<div class=\"row\">\n<div class=\"col-md-6\">\n<div class=\"panel panel-default\"><div class=\"panel-heading\"><h3 class=\"panel-title\"> N\u00e9pi j\u00e1tsz\u00f3h\u00e1zi foglalkoz\u00e1svezet\u0151 (2011-2012)<\/h3><\/div><div class=\"panel-body\">\nHagyom\u00e1nyok H\u00e1za<br \/>\n<\/div><\/div>\n<\/div><div class=\"col-md-6\">\n<div class=\"panel panel-default\"><div class=\"panel-heading\"><h3 class=\"panel-title\"> Fazekas (2004-2006)<\/h3><\/div><div class=\"panel-body\">\nN\u00e9pi Mesters\u00e9gek \u00e9s M\u0171v\u00e9szetek Szakk\u00f6z\u00e9piskol\u00e1ja<br \/>\n<\/div><\/div>\n<\/div>\n<\/div>\n<div class=\"row\">\n<div class=\"col-md-6\">\n<div class=\"panel panel-default\"><div class=\"panel-heading\"><h3 class=\"panel-title\"> K\u00fcl\u00fcgyi szak\u00e9rt\u0151 (2001\u20132003)<\/h3><\/div><div class=\"panel-body\">\nBudapesti K\u00f6zgazdas\u00e1gtudom\u00e1nyi Egyetem<br \/>\n<\/div><\/div>\n<\/div><div class=\"col-md-6\">\n<div class=\"panel panel-default\"><div class=\"panel-heading\"><h3 class=\"panel-title\"> M\u0171kincs \u00e9s m\u0171t\u00e1rgyv\u00e9d\u0151 (1995\u20131999)<\/h3><\/div><div class=\"panel-body\">\nBolognai Tudom\u00e1nyegyetem, Olaszorsz\u00e1g, \u00f6szt\u00f6nd\u00edjask\u00e9nt<br \/>\n<\/div><\/div>\n<\/div>\n<\/div>\n<h2 class=\"am-subheader\" >Nyelvtud\u00e1s<\/h2>\n<div class=\"ef-progress-bar\">\n<h6 class=\"ef-progress-title\">Magyar<\/h6><div data-id=\"100\"><\/div>\n<h6 class=\"ef-progress-title\">Olasz<\/h6><div data-id=\"95\"><\/div>\n<h6 class=\"ef-progress-title\">Angol<\/h6><div data-id=\"60\"><\/div>\n<\/div>\n","protected":false},"excerpt":{"rendered":"<p>Ker\u00e1miat\u00e1rgyakat k\u00e9sz\u00edtek. C\u00e9lom az, hogy olyan szerethet\u0151, ig\u00e9nyes, sokf\u00e9le vizu\u00e1lis \u00e9s taktilis \u00e9lm\u00e9nyt ny\u00fajt\u00f3, haszn\u00e1lhat\u00f3 t\u00e1rgyakat hozzak l\u00e9tre, amelyek a 21. sz\u00e1zadi otthonoknak, vagy ak\u00e1r k\u00f6zter\u00fcleteknek is d\u00edszei lehetnek.<\/p>\n","protected":false},"author":1,"featured_media":442,"parent":0,"menu_order":25,"comment_status":"closed","ping_status":"closed","template":"","meta":{"_seopress_robots_primary_cat":"","_seopress_titles_title":"","_seopress_titles_desc":"","_seopress_robots_index":"","footnotes":""},"class_list":["post-861","page","type-page","status-publish","has-post-thumbnail","hentry"],"_links":{"self":[{"href":"https:\/\/www.keramiart.com\/hu\/wp-json\/wp\/v2\/pages\/861","targetHints":{"allow":["GET"]}}],"collection":[{"href":"https:\/\/www.keramiart.com\/hu\/wp-json\/wp\/v2\/pages"}],"about":[{"href":"https:\/\/www.keramiart.com\/hu\/wp-json\/wp\/v2\/types\/page"}],"author":[{"embeddable":true,"href":"https:\/\/www.keramiart.com\/hu\/wp-json\/wp\/v2\/users\/1"}],"replies":[{"embeddable":true,"href":"https:\/\/www.keramiart.com\/hu\/wp-json\/wp\/v2\/comments?post=861"}],"version-history":[{"count":20,"href":"https:\/\/www.keramiart.com\/hu\/wp-json\/wp\/v2\/pages\/861\/revisions"}],"predecessor-version":[{"id":3566,"href":"https:\/\/www.keramiart.com\/hu\/wp-json\/wp\/v2\/pages\/861\/revisions\/3566"}],"wp:featuredmedia":[{"embeddable":true,"href":"https:\/\/www.keramiart.com\/hu\/wp-json\/wp\/v2\/media\/442"}],"wp:attachment":[{"href":"https:\/\/www.keramiart.com\/hu\/wp-json\/wp\/v2\/media?parent=861"}],"curies":[{"name":"wp","href":"https:\/\/api.w.org\/{rel}","templated":true}]}}