{"id":863,"date":"2015-11-07T18:52:26","date_gmt":"2015-11-07T17:52:26","guid":{"rendered":"http:\/\/www.keramiart.com\/hu\/?page_id=863"},"modified":"2021-01-06T23:28:13","modified_gmt":"2021-01-06T22:28:13","slug":"hagyomanyos-keramia","status":"publish","type":"page","link":"https:\/\/www.keramiart.com\/hu\/hagyomanyos-keramia\/","title":{"rendered":"Hagyom\u00e1nyos ker\u00e1mia"},"content":{"rendered":"","protected":false},"excerpt":{"rendered":"<p>Hagyom\u00e1nyokat \u00fajragondol\u00f3 p\u00e1link\u00e1s kupic\u00e1k \u00e9s k\u00e9szletek, adventi koszor\u00fak, kar\u00e1csonyfad\u00edszek. A magyar n\u00e9pi t\u00e1rgykult\u00fara fazekas- \u00e9s modern, kort\u00e1rs ker\u00e1miatechnik\u00e1val.<\/p>\n","protected":false},"author":1,"featured_media":2008,"parent":0,"menu_order":27,"comment_status":"closed","ping_status":"closed","template":"templates\/portfolio-template.php","meta":{"_seopress_robots_primary_cat":"","_seopress_titles_title":"Hagyom\u00e1nyos ker\u00e1mia \u2022 K\u00e1rolyi Ildik\u00f3: Egyedi d\u00edsz- \u00e9s haszn\u00e1lati ker\u00e1mia","_seopress_titles_desc":"","_seopress_robots_index":"","footnotes":""},"class_list":["post-863","page","type-page","status-publish","has-post-thumbnail","hentry"],"_links":{"self":[{"href":"https:\/\/www.keramiart.com\/hu\/wp-json\/wp\/v2\/pages\/863","targetHints":{"allow":["GET"]}}],"collection":[{"href":"https:\/\/www.keramiart.com\/hu\/wp-json\/wp\/v2\/pages"}],"about":[{"href":"https:\/\/www.keramiart.com\/hu\/wp-json\/wp\/v2\/types\/page"}],"author":[{"embeddable":true,"href":"https:\/\/www.keramiart.com\/hu\/wp-json\/wp\/v2\/users\/1"}],"replies":[{"embeddable":true,"href":"https:\/\/www.keramiart.com\/hu\/wp-json\/wp\/v2\/comments?post=863"}],"version-history":[{"count":2,"href":"https:\/\/www.keramiart.com\/hu\/wp-json\/wp\/v2\/pages\/863\/revisions"}],"predecessor-version":[{"id":2030,"href":"https:\/\/www.keramiart.com\/hu\/wp-json\/wp\/v2\/pages\/863\/revisions\/2030"}],"wp:featuredmedia":[{"embeddable":true,"href":"https:\/\/www.keramiart.com\/hu\/wp-json\/wp\/v2\/media\/2008"}],"wp:attachment":[{"href":"https:\/\/www.keramiart.com\/hu\/wp-json\/wp\/v2\/media?parent=863"}],"curies":[{"name":"wp","href":"https:\/\/api.w.org\/{rel}","templated":true}]}}