{"id":877,"date":"2015-11-07T18:55:41","date_gmt":"2015-11-07T17:55:41","guid":{"rendered":"http:\/\/www.keramiart.com\/hu\/?page_id=877"},"modified":"2016-09-05T13:11:04","modified_gmt":"2016-09-05T11:11:04","slug":"hirek","status":"publish","type":"page","link":"https:\/\/www.keramiart.com\/hu\/hirek\/","title":{"rendered":"H\u00edrek"},"content":{"rendered":"","protected":false},"excerpt":{"rendered":"<p>H\u00edrek ker\u00e1miav\u00e1s\u00e1rokr\u00f3l, ki\u00e1ll\u00edt\u00e1sokr\u00f3l, m\u0171helymunk\u00e1r\u00f3l, tanfolyamokr\u00f3l, honlapfriss\u00edt\u00e9sr\u0151l, mindenf\u00e9le \u00e9rdekes \u00e9s \u00e9rdemes dologr\u00f3l.<\/p>\n","protected":false},"author":1,"featured_media":2663,"parent":0,"menu_order":29,"comment_status":"closed","ping_status":"closed","template":"templates\/blog-template.php","meta":{"_seopress_robots_primary_cat":"","_seopress_titles_title":"","_seopress_titles_desc":"","_seopress_robots_index":"","footnotes":""},"class_list":["post-877","page","type-page","status-publish","has-post-thumbnail","hentry"],"_links":{"self":[{"href":"https:\/\/www.keramiart.com\/hu\/wp-json\/wp\/v2\/pages\/877","targetHints":{"allow":["GET"]}}],"collection":[{"href":"https:\/\/www.keramiart.com\/hu\/wp-json\/wp\/v2\/pages"}],"about":[{"href":"https:\/\/www.keramiart.com\/hu\/wp-json\/wp\/v2\/types\/page"}],"author":[{"embeddable":true,"href":"https:\/\/www.keramiart.com\/hu\/wp-json\/wp\/v2\/users\/1"}],"replies":[{"embeddable":true,"href":"https:\/\/www.keramiart.com\/hu\/wp-json\/wp\/v2\/comments?post=877"}],"version-history":[{"count":2,"href":"https:\/\/www.keramiart.com\/hu\/wp-json\/wp\/v2\/pages\/877\/revisions"}],"predecessor-version":[{"id":2031,"href":"https:\/\/www.keramiart.com\/hu\/wp-json\/wp\/v2\/pages\/877\/revisions\/2031"}],"wp:featuredmedia":[{"embeddable":true,"href":"https:\/\/www.keramiart.com\/hu\/wp-json\/wp\/v2\/media\/2663"}],"wp:attachment":[{"href":"https:\/\/www.keramiart.com\/hu\/wp-json\/wp\/v2\/media?parent=877"}],"curies":[{"name":"wp","href":"https:\/\/api.w.org\/{rel}","templated":true}]}}